
{"id":187,"date":"2015-04-20T13:10:02","date_gmt":"2015-04-20T13:10:02","guid":{"rendered":"http:\/\/demo1.wprentals.org\/?page_id=187"},"modified":"2024-12-26T17:11:46","modified_gmt":"2024-12-26T17:11:46","slug":"blog-list","status":"publish","type":"page","link":"https:\/\/app.lodhous.com\/tr\/blog-list\/","title":{"rendered":"Blog Listesi"},"content":{"rendered":"<div class=\"wpb-content-wrapper\"><div class=\"vc_row wpb_row vc_row-fluid vc_custom_1444140028752 wpestate_row vc_row\"><div class=\"wpb_column vc_column_container vc_col-sm-12 vc_column\"><div class=\"vc_column-inner\"><div class=\"wpb_wrapper\">\n\t<div class=\"wpb_text_column wpb_content_element vc_column_text\" >\n\t\t<div class=\"wpb_wrapper\">\n\t\t\t<p>&quot;Seyahat&quot; kelimesinin k\u00f6keni b\u00fcy\u00fck ihtimalle tarihte kaybolmu\u015ftur. &quot;Seyahat&quot; terimi Eski Frans\u0131zca travail kelimesinden t\u00fcremi\u015f olabilir.[3] Merriam Webster s\u00f6zl\u00fc\u011f\u00fcne g\u00f6re, seyahat kelimesinin bilinen ilk kullan\u0131m\u0131 14. y\u00fczy\u0131lda olmu\u015ftur. Ayr\u0131ca, kelimenin Orta \u0130ngilizce travailen, travelen (i\u015fkence etmek, emek vermek, \u00e7abalamak, yolculuk etmek anlam\u0131na gelir) ve daha \u00f6nce Eski Frans\u0131zca travailler (zorlukla \u00e7al\u0131\u015fmak, zahmet \u00e7ekmek anlam\u0131na gelir) kelimesinden geldi\u011fini belirtir.<\/p>\n<p>\u0130ngilizcede hala zaman zaman m\u00fccadele anlam\u0131na gelen travail ve travails kelimelerini kullan\u0131r\u0131z. Simon Winchester&#039;\u0131n The Best Travelers&#039; Tales (2004) adl\u0131 kitab\u0131na g\u00f6re, seyahat ve travail kelimeleri daha da eski bir k\u00f6k\u00fc payla\u015f\u0131r: tripalium (Latincede &quot;\u00fc\u00e7 kaz\u0131k&quot; anlam\u0131na gelir, kaz\u0131\u011fa oturtmak gibi). Bu ba\u011flant\u0131, antik \u00e7a\u011flarda seyahatin a\u015f\u0131r\u0131 zorlu\u011funu yans\u0131t\u0131r.<\/p>\n\n\t\t<\/div>\n\t<\/div>\n<\/div><\/div><\/div><\/div>\n<\/div>","protected":false},"excerpt":{"rendered":"&quot;Seyahat&quot; kelimesinin k\u00f6keni b\u00fcy\u00fck ihtimalle tarihte kaybolmu\u015ftur. &quot;Seyahat&quot; terimi Eski Frans\u0131zca travail kelimesinden t\u00fcremi\u015f olabilir.[3] Merriam Webster s\u00f6zl\u00fc\u011f\u00fcne g\u00f6re, seyahat kelimesinin bilinen ilk kullan\u0131m\u0131 14. y\u00fczy\u0131lda olmu\u015ftur. Ayr\u0131ca kelimenin Orta \u0130ngilizce travailen, travelen (ki ...","protected":false},"author":2,"featured_media":0,"parent":0,"menu_order":0,"comment_status":"open","ping_status":"open","template":"blog_list.php","meta":{"inline_featured_image":false,"footnotes":""},"class_list":["post-187","page","type-page","status-publish","hentry"],"_links":{"self":[{"href":"https:\/\/app.lodhous.com\/tr\/wp-json\/wp\/v2\/pages\/187","targetHints":{"allow":["GET"]}}],"collection":[{"href":"https:\/\/app.lodhous.com\/tr\/wp-json\/wp\/v2\/pages"}],"about":[{"href":"https:\/\/app.lodhous.com\/tr\/wp-json\/wp\/v2\/types\/page"}],"author":[{"embeddable":true,"href":"https:\/\/app.lodhous.com\/tr\/wp-json\/wp\/v2\/users\/2"}],"replies":[{"embeddable":true,"href":"https:\/\/app.lodhous.com\/tr\/wp-json\/wp\/v2\/comments?post=187"}],"version-history":[{"count":1,"href":"https:\/\/app.lodhous.com\/tr\/wp-json\/wp\/v2\/pages\/187\/revisions"}],"predecessor-version":[{"id":37570,"href":"https:\/\/app.lodhous.com\/tr\/wp-json\/wp\/v2\/pages\/187\/revisions\/37570"}],"wp:attachment":[{"href":"https:\/\/app.lodhous.com\/tr\/wp-json\/wp\/v2\/media?parent=187"}],"curies":[{"name":"wp","href":"https:\/\/api.w.org\/{rel}","templated":true}]}}